{"id":15,"date":"2013-11-29T11:01:12","date_gmt":"2013-11-29T11:01:12","guid":{"rendered":"http:\/\/wunderflunker.de\/?page_id=15"},"modified":"2013-11-29T11:16:44","modified_gmt":"2013-11-29T11:16:44","slug":"app","status":"publish","type":"page","link":"http:\/\/wunderflunker.de\/?page_id=15","title":{"rendered":"Konzept"},"content":{"rendered":"<p>WunderFlunkerStadtRundfahrt<br \/>\nbeschreitet als Musiktheater neue Wege.<\/p>\n<p>Wuppertal pr\u00e4sentiert sich nicht mit Pauken und Trompeten, vielmehr liegen die Sch\u00e4tze der Stadt im Verborgenen. Und diese werden gehoben und auf neue Weise erfahrbar.<\/p>\n<p>Die Region war Geburtsort der Industrialisierung und diese begr\u00fcndete den Reichtum und den Glanz der St\u00e4dte.<br \/>\nNoch heute sind die Unternehmen und ihre Produkte auf den Weltm\u00e4rkten zuhause, doch der einstige Reichtum der St\u00e4dte geh\u00f6rt der Vergangenheit an.<br \/>\nGenau diese spannungsreiche Situation wird in WunderFlunkerStadtRundfahrt \u00e4sthetisch thematisiert. Denn: Wer arm ist, muss sich immer wieder neu erfinden \u2013 durch die Begegnung mit der eigenen Geschichte, ihren Wundern und der Kraft der Fantasie.<br \/>\nAlso: Ein bisschen flunkern ist erlaubt.<\/p>\n<p>2012 wurde WunderFlunkerStadtRundfahrt zun\u00e4chst durch ein im touristischen Alltag g\u00e4ngiges Format realisiert: eine begleitete Busfahrt.<\/p>\n<p>Das Endergebnis war eine Art Theaterauff\u00fchrung. Die Zuschauer stiegen in den Bus und wurden von einer Schauspielerin zu ausgew\u00e4hlten Orten gef\u00fchrt, an denen sie dem Wunderbaren der Stadt begegneten. Dabei wurden die einzelnen Stationen in enger Kooperation mit verschiedenen Partnern gestaltet.<\/p>\n<p>Denn schon die Entstehung der WunderFlunkerStadtRundfahrt war Teil dieses Kunstprojektes.<br \/>\nUnterschiedliche Kooperationspartner wurden vernetzt und integriert. Das Spektrum reicht von professionell gef\u00fchrten kulturellen Institutionen \u00fcber Laienensembles, freischaffende K\u00fcnstler(inne)n bis hin zu Schulklassen.<\/p>\n<p>Mit der App kann sich nun jeder selbstst\u00e4ndig auf Entdeckungstour begeben.<\/p>\n<div>Thomas Beimel &amp; Olaf Reitz<\/div>\n","protected":false},"excerpt":{"rendered":"<p>WunderFlunkerStadtRundfahrt beschreitet als Musiktheater neue Wege. Wuppertal pr\u00e4sentiert sich nicht mit Pauken und Trompeten, vielmehr liegen die Sch\u00e4tze der Stadt im Verborgenen. Und diese werden gehoben und auf neue Weise erfahrbar. Die Region war Geburtsort der Industrialisierung und diese begr\u00fcndete den Reichtum und den Glanz der St\u00e4dte. Noch heute sind die Unternehmen und ihre Produkte [&hellip;]<\/p>\n","protected":false},"author":1,"featured_media":0,"parent":0,"menu_order":3,"comment_status":"closed","ping_status":"closed","template":"","meta":[],"_links":{"self":[{"href":"http:\/\/wunderflunker.de\/index.php?rest_route=\/wp\/v2\/pages\/15"}],"collection":[{"href":"http:\/\/wunderflunker.de\/index.php?rest_route=\/wp\/v2\/pages"}],"about":[{"href":"http:\/\/wunderflunker.de\/index.php?rest_route=\/wp\/v2\/types\/page"}],"author":[{"embeddable":true,"href":"http:\/\/wunderflunker.de\/index.php?rest_route=\/wp\/v2\/users\/1"}],"replies":[{"embeddable":true,"href":"http:\/\/wunderflunker.de\/index.php?rest_route=%2Fwp%2Fv2%2Fcomments&post=15"}],"version-history":[{"count":3,"href":"http:\/\/wunderflunker.de\/index.php?rest_route=\/wp\/v2\/pages\/15\/revisions"}],"predecessor-version":[{"id":32,"href":"http:\/\/wunderflunker.de\/index.php?rest_route=\/wp\/v2\/pages\/15\/revisions\/32"}],"wp:attachment":[{"href":"http:\/\/wunderflunker.de\/index.php?rest_route=%2Fwp%2Fv2%2Fmedia&parent=15"}],"curies":[{"name":"wp","href":"https:\/\/api.w.org\/{rel}","templated":true}]}}