{"id":22,"date":"2013-11-29T11:05:44","date_gmt":"2013-11-29T11:05:44","guid":{"rendered":"http:\/\/wunderflunker.de\/?page_id=22"},"modified":"2014-01-27T09:42:56","modified_gmt":"2014-01-27T09:42:56","slug":"realisation","status":"publish","type":"page","link":"http:\/\/wunderflunker.de\/?page_id=22","title":{"rendered":"Realisation"},"content":{"rendered":"<p>Schon die Entstehung der WunderFlunkerStadtRundfahrt war Teil des Kunstprojektes.<br \/>\nIm Folgenden sind exemplarisch einzelne Produktionschritte dokumentiert.<\/p>\n<p><strong>INSTALLATION<\/strong><br \/>\nMusik &amp; Theater sind fl\u00fcchtig. Damit Wunderflunker sichtbar wird, hatte Martin Smida an der Farbm\u00fchle T\u00fccher \u00fcber die Wupper gespannt. \u00dcber die Fotofunktion kommt Farbe in den Alltag.<br \/>\n<img loading=\"lazy\" class=\"alignnone size-full wp-image-107\" alt=\"smida\" src=\"http:\/\/wunderflunker.de\/wp-content\/uploads\/2013\/12\/smida.jpg\" width=\"580\" height=\"386\" srcset=\"http:\/\/wunderflunker.de\/wp-content\/uploads\/2013\/12\/smida.jpg 580w, http:\/\/wunderflunker.de\/wp-content\/uploads\/2013\/12\/smida-300x199.jpg 300w\" sizes=\"(max-width: 580px) 100vw, 580px\" \/><\/p>\n<p><strong>WUNDERFLUNKERLIED<\/strong><br \/>\nDie WunderFlunkerStadtRundfahrt hat einen eigenen Titelsong. Damit man mitsingen kann, haben es\u00a0Kinder der Musiktheatergruppe Alte Feuerwache zusammen mit D\u00f6rte Bald und Bettina Daug das Lied einge\u00fcbt und aufgenommen.<br \/>\n<img loading=\"lazy\" class=\"alignnone size-full wp-image-103\" alt=\"feuerwachenkinder_580px\" src=\"http:\/\/wunderflunker.de\/wp-content\/uploads\/2013\/12\/feuerwachenkinder_580px.jpg\" width=\"580\" height=\"308\" srcset=\"http:\/\/wunderflunker.de\/wp-content\/uploads\/2013\/12\/feuerwachenkinder_580px.jpg 580w, http:\/\/wunderflunker.de\/wp-content\/uploads\/2013\/12\/feuerwachenkinder_580px-300x159.jpg 300w\" sizes=\"(max-width: 580px) 100vw, 580px\" \/><\/p>\n<p><strong> TUFFI SINGT<\/strong><br \/>\nNachdem Tuffi in die Wupper gefallen war, hatte der kleine Elefant seine Stimme erhoben. Wie das klang? Die S\u00e4ngerin Simone Krampe macht es vor, Wolfgang Kl\u00e4sener begleitet sie.<br \/>\n<img loading=\"lazy\" class=\"alignnone size-full wp-image-110\" alt=\"tuffi-singt_580-px\" src=\"http:\/\/wunderflunker.de\/wp-content\/uploads\/2013\/12\/tuffi-singt_580-px.jpg\" width=\"580\" height=\"283\" srcset=\"http:\/\/wunderflunker.de\/wp-content\/uploads\/2013\/12\/tuffi-singt_580-px.jpg 580w, http:\/\/wunderflunker.de\/wp-content\/uploads\/2013\/12\/tuffi-singt_580-px-300x146.jpg 300w\" sizes=\"(max-width: 580px) 100vw, 580px\" \/><br \/>\n<strong> TANZ DER F\u00c4RBER<\/strong><br \/>\nDer Choreograph Chun-Hsien Wu zeigt hier, wie es geht: der historische Tanz der F\u00e4rber. Eingespielt vom Bergischen Blechbl\u00e4serensemble. Wer mittanzen will, nutzt die Audio- und Videofunktionen der App.<br \/>\n<img loading=\"lazy\" class=\"alignnone size-full wp-image-108\" alt=\"tanz-der-f\u00e4rber1_580px\" src=\"http:\/\/wunderflunker.de\/wp-content\/uploads\/2013\/12\/tanz-der-f\u00e4rber1_580px.jpg\" width=\"580\" height=\"170\" srcset=\"http:\/\/wunderflunker.de\/wp-content\/uploads\/2013\/12\/tanz-der-f\u00e4rber1_580px.jpg 580w, http:\/\/wunderflunker.de\/wp-content\/uploads\/2013\/12\/tanz-der-f\u00e4rber1_580px-300x87.jpg 300w\" sizes=\"(max-width: 580px) 100vw, 580px\" \/><br \/>\n<img loading=\"lazy\" class=\"alignnone size-full wp-image-109\" alt=\"Tanz-der-F\u00e4rber2_580px\" src=\"http:\/\/wunderflunker.de\/wp-content\/uploads\/2013\/12\/Tanz-der-F\u00e4rber2_580px.jpg\" width=\"580\" height=\"235\" srcset=\"http:\/\/wunderflunker.de\/wp-content\/uploads\/2013\/12\/Tanz-der-F\u00e4rber2_580px.jpg 580w, http:\/\/wunderflunker.de\/wp-content\/uploads\/2013\/12\/Tanz-der-F\u00e4rber2_580px-300x121.jpg 300w\" sizes=\"(max-width: 580px) 100vw, 580px\" \/><br \/>\n<iframe loading=\"lazy\" src=\"\/\/player.vimeo.com\/video\/43466285?color=09aab3\" width=\"500\" height=\"281\" frameborder=\"0\" webkitallowfullscreen mozallowfullscreen allowfullscreen><\/iframe><\/p>\n<p><strong>HEIMATLIED<\/strong><br \/>\nUnd zum Schluss erklingt das neue Heimatlied: Es singt der Cronenberger M\u00e4nnerchor, Mitglieder der Wuppertaler Sinfoniker spielen dazu.<\/p>\n<p><img loading=\"lazy\" class=\"alignnone size-full wp-image-105\" alt=\"Heimatlied\" src=\"http:\/\/wunderflunker.de\/wp-content\/uploads\/2013\/12\/Heimatlied.jpg\" width=\"580\" height=\"467\" srcset=\"http:\/\/wunderflunker.de\/wp-content\/uploads\/2013\/12\/Heimatlied.jpg 580w, http:\/\/wunderflunker.de\/wp-content\/uploads\/2013\/12\/Heimatlied-300x241.jpg 300w\" sizes=\"(max-width: 580px) 100vw, 580px\" \/><\/p>\n<p><strong>PLANETENWERKSTATT<\/strong><br \/>\nDie Zukunft Wuppertals liegt in den H\u00e4nden des Sozialpsychiatrischen Zentrums Wuppertal-Barmen. Unter der Leitung von Christine M\u00f6bbeck entstand dort in der freien K\u00fcnstlergruppe papierARTisten der Prototyp einer Planetenwerkstatt.<\/p>\n<p><img loading=\"lazy\" class=\"alignnone size-full wp-image-106\" alt=\"planetenwerkstatt\" src=\"http:\/\/wunderflunker.de\/wp-content\/uploads\/2013\/12\/planetenwerkstatt.jpg\" width=\"580\" height=\"232\" srcset=\"http:\/\/wunderflunker.de\/wp-content\/uploads\/2013\/12\/planetenwerkstatt.jpg 580w, http:\/\/wunderflunker.de\/wp-content\/uploads\/2013\/12\/planetenwerkstatt-300x120.jpg 300w\" sizes=\"(max-width: 580px) 100vw, 580px\" \/><\/p>\n<p><strong>\u201eHOMO WUPPERTALENSIS\u201d<\/strong><br \/>\nEs gab ihn wirklich: den \u201ehomo wuppertalensis\u201d. Wir haben ihn entdeckt. Ob es nun der erste seiner Art war, eine kleine Gruppe, die in der Eiszeit hier ausharrte, oder jene Menschen, die in diesen Gefilden eine erste Besiedlung gr\u00fcndeten: alle haben gerne gesungen. \u00dcber den Regen, nat\u00fcrlich. Und wie das klang, zeigen der Lehrer Albert Groth, das Ensemble Partita Radicale und die Kantorei Barmen Gemarke.<\/p>\n<p><img loading=\"lazy\" class=\"alignnone size-full wp-image-111\" alt=\"wuppertalensis\" src=\"http:\/\/wunderflunker.de\/wp-content\/uploads\/2013\/12\/wuppertalensis.jpg\" width=\"580\" height=\"422\" srcset=\"http:\/\/wunderflunker.de\/wp-content\/uploads\/2013\/12\/wuppertalensis.jpg 580w, http:\/\/wunderflunker.de\/wp-content\/uploads\/2013\/12\/wuppertalensis-300x218.jpg 300w\" sizes=\"(max-width: 580px) 100vw, 580px\" \/><\/p>\n<p><strong>GESUCHT<\/strong><br \/>\nUnter der Anleitung der K\u00fcnstlerin Andrea Raak arbeitete die Klasse 4b (Jahrgang 2011\/12) der Offenen Ganztagsgrundschule Liegnitzer Stra\u00dfe in Wichlinghausen an einem Steckbrief. Wer in Wuppertal so dringend gesucht wird, erf\u00e4hrt man bei WunderFlunkerStadtRundfahrt.<\/p>\n<p><img loading=\"lazy\" class=\"alignnone size-full wp-image-104\" alt=\"gangster\" src=\"http:\/\/wunderflunker.de\/wp-content\/uploads\/2013\/12\/gangster.jpg\" width=\"580\" height=\"243\" srcset=\"http:\/\/wunderflunker.de\/wp-content\/uploads\/2013\/12\/gangster.jpg 580w, http:\/\/wunderflunker.de\/wp-content\/uploads\/2013\/12\/gangster-300x125.jpg 300w\" sizes=\"(max-width: 580px) 100vw, 580px\" \/><\/p>\n","protected":false},"excerpt":{"rendered":"<p>Schon die Entstehung der WunderFlunkerStadtRundfahrt war Teil des Kunstprojektes. Im Folgenden sind exemplarisch einzelne Produktionschritte dokumentiert. INSTALLATION Musik &amp; Theater sind fl\u00fcchtig. Damit Wunderflunker sichtbar wird, hatte Martin Smida an der Farbm\u00fchle T\u00fccher \u00fcber die Wupper gespannt. \u00dcber die Fotofunktion kommt Farbe in den Alltag. WUNDERFLUNKERLIED Die WunderFlunkerStadtRundfahrt hat einen eigenen Titelsong. Damit man mitsingen [&hellip;]<\/p>\n","protected":false},"author":1,"featured_media":0,"parent":0,"menu_order":4,"comment_status":"closed","ping_status":"closed","template":"","meta":[],"_links":{"self":[{"href":"http:\/\/wunderflunker.de\/index.php?rest_route=\/wp\/v2\/pages\/22"}],"collection":[{"href":"http:\/\/wunderflunker.de\/index.php?rest_route=\/wp\/v2\/pages"}],"about":[{"href":"http:\/\/wunderflunker.de\/index.php?rest_route=\/wp\/v2\/types\/page"}],"author":[{"embeddable":true,"href":"http:\/\/wunderflunker.de\/index.php?rest_route=\/wp\/v2\/users\/1"}],"replies":[{"embeddable":true,"href":"http:\/\/wunderflunker.de\/index.php?rest_route=%2Fwp%2Fv2%2Fcomments&post=22"}],"version-history":[{"count":10,"href":"http:\/\/wunderflunker.de\/index.php?rest_route=\/wp\/v2\/pages\/22\/revisions"}],"predecessor-version":[{"id":124,"href":"http:\/\/wunderflunker.de\/index.php?rest_route=\/wp\/v2\/pages\/22\/revisions\/124"}],"wp:attachment":[{"href":"http:\/\/wunderflunker.de\/index.php?rest_route=%2Fwp%2Fv2%2Fmedia&parent=22"}],"curies":[{"name":"wp","href":"https:\/\/api.w.org\/{rel}","templated":true}]}}